{"id":588,"date":"2016-02-10T18:47:09","date_gmt":"2016-02-10T17:47:09","guid":{"rendered":"https:\/\/multi-eco.com\/politiques\/"},"modified":"2017-05-05T11:47:14","modified_gmt":"2017-05-05T15:47:14","slug":"terms-conditions","status":"publish","type":"page","link":"https:\/\/multi-eco.com\/en\/terms-conditions\/","title":{"rendered":"Terms &#038; conditions"},"content":{"rendered":"<p>[spb_row element_name=&#8221;LEGAL&#8221; wrap_type=&#8221;standard-width&#8221; row_bg_type=&#8221;color&#8221; color_row_height=&#8221;content-height&#8221; bg_type=&#8221;cover&#8221; parallax_image_height=&#8221;content-height&#8221; parallax_image_movement=&#8221;fixed&#8221; parallax_image_speed=&#8221;standard&#8221; bg_video_loop=&#8221;yes&#8221; parallax_video_height=&#8221;window-height&#8221; row_name=&#8221;L\u00c9GAL&#8221; row_top_style=&#8221;none&#8221; row_bottom_style=&#8221;none&#8221; parallax_video_overlay=&#8221;none&#8221; row_overlay_opacity=&#8221;0&#8243; remove_element_spacing=&#8221;no&#8221; row_col_spacing=&#8221;0&#8243; row_col_pos=&#8221;default&#8221; row_col_equal_heights=&#8221;no&#8221; row_expanding=&#8221;no&#8221; row_animation=&#8221;none&#8221; row_animation_delay=&#8221;0&#8243; minimize_row=&#8221;no&#8221; simplified_controls=&#8221;yes&#8221; custom_css_percentage=&#8221;no&#8221; custom_css=&#8221;margin-top: 0px;margin-bottom: 0px;&#8221; border_styling_global=&#8221;default&#8221; width=&#8221;1\/1&#8243; el_position=&#8221;first last&#8221;] [spb_text_block element_name=&#8221;PRIVACY&#8221; animation=&#8221;none&#8221; animation_delay=&#8221;0&#8243; simplified_controls=&#8221;yes&#8221; custom_css_percentage=&#8221;no&#8221; padding_vertical=&#8221;0&#8243; padding_horizontal=&#8221;0&#8243; margin_vertical=&#8221;0&#8243; custom_css=&#8221;margin-top: 0px;margin-bottom: 0px;&#8221; border_size=&#8221;0&#8243; border_styling_global=&#8221;default&#8221; width=&#8221;1\/1&#8243; el_position=&#8221;first last&#8221;]<\/p>\n<h4>PRIVACY<\/h4>\n<p>Any information that we receive from you is strictly confidential and will solely be used by Multi-Eco online store. The information provided will not be shared with any outside party, and will be used for the purposes of managing and developing this website only.<\/p>\n<p>[\/spb_text_block] [spb_text_block element_name=&#8221;CONSENT&#8221; animation=&#8221;none&#8221; animation_delay=&#8221;0&#8243; simplified_controls=&#8221;yes&#8221; custom_css_percentage=&#8221;no&#8221; padding_vertical=&#8221;0&#8243; padding_horizontal=&#8221;0&#8243; margin_vertical=&#8221;0&#8243; custom_css=&#8221;margin-top: 0px;margin-bottom: 0px;&#8221; border_size=&#8221;0&#8243; border_styling_global=&#8221;default&#8221; width=&#8221;1\/1&#8243; el_position=&#8221;first last&#8221;]<\/p>\n<h4>CONSENT<\/h4>\n<p>By using our website and providing the requested information (shipping address, telephone number, and e-mail address), you accept that we stock and use this information. Should our confidentiality policy change, we will publish all modifications in these pages to keep you well informed.<\/p>\n<p>[\/spb_text_block] [\/spb_row] [spb_row element_name=&#8221;ORDERS &amp; RETURNS&#8221; wrap_type=&#8221;standard-width&#8221; row_bg_type=&#8221;color&#8221; color_row_height=&#8221;content-height&#8221; bg_type=&#8221;cover&#8221; parallax_image_height=&#8221;content-height&#8221; parallax_image_movement=&#8221;fixed&#8221; parallax_image_speed=&#8221;standard&#8221; bg_video_loop=&#8221;yes&#8221; parallax_video_height=&#8221;window-height&#8221; row_name=&#8221;COMMANDES ET RETOURS&#8221; row_top_style=&#8221;none&#8221; row_bottom_style=&#8221;none&#8221; parallax_video_overlay=&#8221;none&#8221; row_overlay_opacity=&#8221;0&#8243; remove_element_spacing=&#8221;no&#8221; row_col_spacing=&#8221;0&#8243; row_col_pos=&#8221;default&#8221; row_col_equal_heights=&#8221;no&#8221; row_expanding=&#8221;no&#8221; row_animation=&#8221;none&#8221; row_animation_delay=&#8221;0&#8243; minimize_row=&#8221;no&#8221; simplified_controls=&#8221;yes&#8221; custom_css_percentage=&#8221;no&#8221; custom_css=&#8221;margin-top: 0px;margin-bottom: 0px;&#8221; border_styling_global=&#8221;default&#8221; width=&#8221;1\/1&#8243; el_position=&#8221;first last&#8221;] [spb_text_block element_name=&#8221;ORDER STATUS&#8221; animation=&#8221;none&#8221; animation_delay=&#8221;0&#8243; simplified_controls=&#8221;yes&#8221; custom_css_percentage=&#8221;no&#8221; padding_vertical=&#8221;7&#8243; padding_horizontal=&#8221;0&#8243; margin_vertical=&#8221;0&#8243; custom_css=&#8221;margin-top: 0px;margin-bottom: 0px;padding-top: 7px;padding-bottom: 7px;&#8221; border_size=&#8221;0&#8243; border_styling_global=&#8221;default&#8221; width=&#8221;1\/1&#8243; el_position=&#8221;first last&#8221;]<\/p>\n<h4>ORDER STATUS<\/h4>\n<p>From Monday to Friday, orders confirmed before 12 p.m. Eastern time are dispatched on that day. Orders confirmed on Saturdays, Sundays or Federal Holidays will be processed on the following business day. After receiving your shipping confirmation email, please allow up to 1 business day for your tracking information to update with our transportation partner.<\/p>\n<p>[\/spb_text_block] [spb_text_block element_name=&#8221;SHIPPING POLICY&#8221; animation=&#8221;none&#8221; animation_delay=&#8221;0&#8243; simplified_controls=&#8221;yes&#8221; custom_css_percentage=&#8221;no&#8221; padding_vertical=&#8221;0&#8243; padding_horizontal=&#8221;0&#8243; margin_vertical=&#8221;0&#8243; custom_css=&#8221;margin-top: 0px;margin-bottom: 0px;&#8221; border_size=&#8221;0&#8243; border_styling_global=&#8221;default&#8221; width=&#8221;1\/1&#8243; el_position=&#8221;first last&#8221;]<\/p>\n<h4>SHIPPING POLICY<\/h4>\n<p>We offer Canada &amp; USA shipping with DICOM. Typical transit time is between 2-5 business days for Canada &amp; 4-7 business days for USA. Should the delay be longer, we will contact you to let you know. Standard international shipping time is between 5-10 business days because of custom borders. During maple season, delivery time may vary depending on the production.<\/p>\n<div style=\"display: none;\">\n<p>Your order can also be dropped to these point of sale, we&#8217;ll let you know if so. :<\/p>\n<ul>\n<li>March\u00e9 Public de Shawinigan au Verger Go\u00fbte-\u00e0-Pommes<\/li>\n<li>Caf\u00e9 aux Cinq Soeurs de Ste-Th\u00e8cle<\/li>\n<li>March\u00e9 Notre-Dame de Trois-Rivi\u00e8res<\/li>\n<\/ul>\n<\/div>\n<p>[\/spb_text_block] [spb_text_block element_name=&#8221;EXCHANGE POLICY&#8221; animation=&#8221;none&#8221; animation_delay=&#8221;0&#8243; simplified_controls=&#8221;yes&#8221; custom_css_percentage=&#8221;no&#8221; padding_vertical=&#8221;0&#8243; padding_horizontal=&#8221;0&#8243; margin_vertical=&#8221;0&#8243; custom_css=&#8221;margin-top: 0px;margin-bottom: 0px;&#8221; border_size=&#8221;0&#8243; border_styling_global=&#8221;default&#8221; width=&#8221;1\/1&#8243; el_position=&#8221;first last&#8221;]<\/p>\n<h4>EXCHANGE POLICY<\/h4>\n<p>You can return all our non-used products for an exchange in the seven (7) days following your order reception. Customer is responsible for the return shipping fees, except for a defective product or an error occured with your order. Only perfect products will be accepted for return.<\/p>\n<p>If you have questions concerning your order, contact us at <a href=\"info@multi-eco.com\"> info@multi-eco.com<\/a>\u00a0or call us at\u00a0<a href=\"tel:+14183261796\" target=\"_blank\" rel=\"noopener noreferrer\">418.326.1796<\/a>.<\/p>\n<p>[\/spb_text_block] [\/spb_row]<\/p>\n","protected":false},"excerpt":{"rendered":"<p>[spb_row element_name=&#8221;LEGAL&#8221; wrap_type=&#8221;standard-width&#8221; row_bg_type=&#8221;color&#8221; color_row_height=&#8221;content-height&#8221; bg_type=&#8221;cover&#8221; parallax_image_height=&#8221;content-height&#8221; parallax_image_movement=&#8221;fixed&#8221; parallax_image_speed=&#8221;standard&#8221; bg_video_loop=&#8221;yes&#8221; parallax_video_height=&#8221;window-height&#8221; row_name=&#8221;L\u00c9GAL&#8221; row_top_style=&#8221;none&#8221; row_bottom_style=&#8221;none&#8221; parallax_video_overlay=&#8221;none&#8221; row_overlay_opacity=&#8221;0&#8243; remove_element_spacing=&#8221;no&#8221; row_col_spacing=&#8221;0&#8243; row_col_pos=&#8221;default&#8221; row_col_equal_heights=&#8221;no&#8221; row_expanding=&#8221;no&#8221; row_animation=&#8221;none&#8221; row_animation_delay=&#8221;0&#8243; minimize_row=&#8221;no&#8221; simplified_controls=&#8221;yes&#8221; custom_css_percentage=&#8221;no&#8221; custom_css=&#8221;margin-top: 0px;margin-bottom: 0px;&#8221; border_styling_global=&#8221;default&#8221; width=&#8221;1\/1&#8243; el_position=&#8221;first last&#8221;] [spb_text_block element_name=&#8221;PRIVACY&#8221; animation=&#8221;none&#8221; animation_delay=&#8221;0&#8243; simplified_controls=&#8221;yes&#8221; custom_css_percentage=&#8221;no&#8221; padding_vertical=&#8221;0&#8243; padding_horizontal=&#8221;0&#8243; margin_vertical=&#8221;0&#8243; custom_css=&#8221;margin-top: 0px;margin-bottom: 0px;&#8221; border_size=&#8221;0&#8243; border_styling_global=&#8221;default&#8221; width=&#8221;1\/1&#8243; el_position=&#8221;first last&#8221;] PRIVACY Any information that we receive from you is strictly [&hellip;]<\/p>\n","protected":false},"author":1,"featured_media":0,"parent":0,"menu_order":0,"comment_status":"closed","ping_status":"closed","template":"","meta":{"footnotes":""},"yoast_head":"<!-- This site is optimized with the Yoast SEO plugin v23.5 - https:\/\/yoast.com\/wordpress\/plugins\/seo\/ -->\n<title>Terms &amp; conditions | Multi Eco<\/title>\n<meta name=\"description\" content=\"All the information on our terms &amp; conditions regarding orders and returns done through our website.\" \/>\n<meta name=\"robots\" content=\"index, follow, max-snippet:-1, max-image-preview:large, max-video-preview:-1\" \/>\n<link rel=\"canonical\" href=\"https:\/\/multi-eco.com\/en\/terms-conditions\/\" \/>\n<meta property=\"og:locale\" content=\"en_US\" \/>\n<meta property=\"og:type\" content=\"article\" \/>\n<meta property=\"og:title\" content=\"Terms &amp; conditions | Multi Eco\" \/>\n<meta property=\"og:description\" content=\"All the information on our terms &amp; conditions regarding orders and returns done through our website.\" \/>\n<meta property=\"og:url\" content=\"https:\/\/multi-eco.com\/en\/terms-conditions\/\" \/>\n<meta property=\"og:site_name\" content=\"Multi Eco\" \/>\n<meta property=\"article:modified_time\" content=\"2017-05-05T15:47:14+00:00\" \/>\n<meta property=\"og:image\" content=\"https:\/\/multi-eco.com\/wp-content\/uploads\/2016\/02\/fb-image.png\" \/>\n\t<meta property=\"og:image:width\" content=\"1200\" \/>\n\t<meta property=\"og:image:height\" content=\"630\" \/>\n\t<meta property=\"og:image:type\" content=\"image\/png\" \/>\n<meta name=\"twitter:card\" content=\"summary_large_image\" \/>\n<meta name=\"twitter:label1\" content=\"Est. reading time\" \/>\n\t<meta name=\"twitter:data1\" content=\"4 minutes\" \/>\n<script type=\"application\/ld+json\" class=\"yoast-schema-graph\">{\"@context\":\"https:\/\/schema.org\",\"@graph\":[{\"@type\":\"WebPage\",\"@id\":\"https:\/\/multi-eco.com\/en\/terms-conditions\/\",\"url\":\"https:\/\/multi-eco.com\/en\/terms-conditions\/\",\"name\":\"Terms & conditions | Multi Eco\",\"isPartOf\":{\"@id\":\"https:\/\/multi-eco.com\/en\/#website\"},\"datePublished\":\"2016-02-10T17:47:09+00:00\",\"dateModified\":\"2017-05-05T15:47:14+00:00\",\"description\":\"All the information on our terms & conditions regarding orders and returns done through our website.\",\"breadcrumb\":{\"@id\":\"https:\/\/multi-eco.com\/en\/terms-conditions\/#breadcrumb\"},\"inLanguage\":\"en-US\",\"potentialAction\":[{\"@type\":\"ReadAction\",\"target\":[\"https:\/\/multi-eco.com\/en\/terms-conditions\/\"]}]},{\"@type\":\"BreadcrumbList\",\"@id\":\"https:\/\/multi-eco.com\/en\/terms-conditions\/#breadcrumb\",\"itemListElement\":[{\"@type\":\"ListItem\",\"position\":1,\"name\":\"Accueil\",\"item\":\"https:\/\/multi-eco.com\/en\/\"},{\"@type\":\"ListItem\",\"position\":2,\"name\":\"Terms &#038; conditions\"}]},{\"@type\":\"WebSite\",\"@id\":\"https:\/\/multi-eco.com\/en\/#website\",\"url\":\"https:\/\/multi-eco.com\/en\/\",\"name\":\"Multi Eco\",\"description\":\"\",\"publisher\":{\"@id\":\"https:\/\/multi-eco.com\/en\/#organization\"},\"potentialAction\":[{\"@type\":\"SearchAction\",\"target\":{\"@type\":\"EntryPoint\",\"urlTemplate\":\"https:\/\/multi-eco.com\/en\/?s={search_term_string}\"},\"query-input\":{\"@type\":\"PropertyValueSpecification\",\"valueRequired\":true,\"valueName\":\"search_term_string\"}}],\"inLanguage\":\"en-US\"},{\"@type\":\"Organization\",\"@id\":\"https:\/\/multi-eco.com\/en\/#organization\",\"name\":\"Multi Eco\",\"url\":\"https:\/\/multi-eco.com\/en\/\",\"logo\":{\"@type\":\"ImageObject\",\"inLanguage\":\"en-US\",\"@id\":\"https:\/\/multi-eco.com\/en\/#\/schema\/logo\/image\/\",\"url\":\"https:\/\/multi-eco.com\/wp-content\/uploads\/2016\/02\/logo.png\",\"contentUrl\":\"https:\/\/multi-eco.com\/wp-content\/uploads\/2016\/02\/logo.png\",\"width\":160,\"height\":99,\"caption\":\"Multi Eco\"},\"image\":{\"@id\":\"https:\/\/multi-eco.com\/en\/#\/schema\/logo\/image\/\"}}]}<\/script>\n<!-- \/ Yoast SEO plugin. -->","yoast_head_json":{"title":"Terms & conditions | Multi Eco","description":"All the information on our terms & conditions regarding orders and returns done through our website.","robots":{"index":"index","follow":"follow","max-snippet":"max-snippet:-1","max-image-preview":"max-image-preview:large","max-video-preview":"max-video-preview:-1"},"canonical":"https:\/\/multi-eco.com\/en\/terms-conditions\/","og_locale":"en_US","og_type":"article","og_title":"Terms & conditions | Multi Eco","og_description":"All the information on our terms & conditions regarding orders and returns done through our website.","og_url":"https:\/\/multi-eco.com\/en\/terms-conditions\/","og_site_name":"Multi Eco","article_modified_time":"2017-05-05T15:47:14+00:00","og_image":[{"width":1200,"height":630,"url":"https:\/\/multi-eco.com\/wp-content\/uploads\/2016\/02\/fb-image.png","type":"image\/png"}],"twitter_card":"summary_large_image","twitter_misc":{"Est. reading time":"4 minutes"},"schema":{"@context":"https:\/\/schema.org","@graph":[{"@type":"WebPage","@id":"https:\/\/multi-eco.com\/en\/terms-conditions\/","url":"https:\/\/multi-eco.com\/en\/terms-conditions\/","name":"Terms & conditions | Multi Eco","isPartOf":{"@id":"https:\/\/multi-eco.com\/en\/#website"},"datePublished":"2016-02-10T17:47:09+00:00","dateModified":"2017-05-05T15:47:14+00:00","description":"All the information on our terms & conditions regarding orders and returns done through our website.","breadcrumb":{"@id":"https:\/\/multi-eco.com\/en\/terms-conditions\/#breadcrumb"},"inLanguage":"en-US","potentialAction":[{"@type":"ReadAction","target":["https:\/\/multi-eco.com\/en\/terms-conditions\/"]}]},{"@type":"BreadcrumbList","@id":"https:\/\/multi-eco.com\/en\/terms-conditions\/#breadcrumb","itemListElement":[{"@type":"ListItem","position":1,"name":"Accueil","item":"https:\/\/multi-eco.com\/en\/"},{"@type":"ListItem","position":2,"name":"Terms &#038; conditions"}]},{"@type":"WebSite","@id":"https:\/\/multi-eco.com\/en\/#website","url":"https:\/\/multi-eco.com\/en\/","name":"Multi Eco","description":"","publisher":{"@id":"https:\/\/multi-eco.com\/en\/#organization"},"potentialAction":[{"@type":"SearchAction","target":{"@type":"EntryPoint","urlTemplate":"https:\/\/multi-eco.com\/en\/?s={search_term_string}"},"query-input":{"@type":"PropertyValueSpecification","valueRequired":true,"valueName":"search_term_string"}}],"inLanguage":"en-US"},{"@type":"Organization","@id":"https:\/\/multi-eco.com\/en\/#organization","name":"Multi Eco","url":"https:\/\/multi-eco.com\/en\/","logo":{"@type":"ImageObject","inLanguage":"en-US","@id":"https:\/\/multi-eco.com\/en\/#\/schema\/logo\/image\/","url":"https:\/\/multi-eco.com\/wp-content\/uploads\/2016\/02\/logo.png","contentUrl":"https:\/\/multi-eco.com\/wp-content\/uploads\/2016\/02\/logo.png","width":160,"height":99,"caption":"Multi Eco"},"image":{"@id":"https:\/\/multi-eco.com\/en\/#\/schema\/logo\/image\/"}}]}},"_links":{"self":[{"href":"https:\/\/multi-eco.com\/en\/wp-json\/wp\/v2\/pages\/588"}],"collection":[{"href":"https:\/\/multi-eco.com\/en\/wp-json\/wp\/v2\/pages"}],"about":[{"href":"https:\/\/multi-eco.com\/en\/wp-json\/wp\/v2\/types\/page"}],"author":[{"embeddable":true,"href":"https:\/\/multi-eco.com\/en\/wp-json\/wp\/v2\/users\/1"}],"replies":[{"embeddable":true,"href":"https:\/\/multi-eco.com\/en\/wp-json\/wp\/v2\/comments?post=588"}],"version-history":[{"count":3,"href":"https:\/\/multi-eco.com\/en\/wp-json\/wp\/v2\/pages\/588\/revisions"}],"predecessor-version":[{"id":591,"href":"https:\/\/multi-eco.com\/en\/wp-json\/wp\/v2\/pages\/588\/revisions\/591"}],"wp:attachment":[{"href":"https:\/\/multi-eco.com\/en\/wp-json\/wp\/v2\/media?parent=588"}],"curies":[{"name":"wp","href":"https:\/\/api.w.org\/{rel}","templated":true}]}}